{"id":2,"date":"2022-08-22T21:51:26","date_gmt":"2022-08-22T21:51:26","guid":{"rendered":"http:\/\/treppenbauexperte.de\/?page_id=2"},"modified":"2022-08-30T13:23:33","modified_gmt":"2022-08-30T13:23:33","slug":"impressum","status":"publish","type":"page","link":"https:\/\/treppenbauexperte.de\/?page_id=2","title":{"rendered":"Impressum"},"content":{"rendered":"<p>[et_pb_section fb_built=&#8220;1&#8243; admin_label=&#8220;section&#8220; _builder_version=&#8220;4.16&#8243; global_colors_info=&#8220;{}&#8220;][et_pb_row admin_label=&#8220;row&#8220; _builder_version=&#8220;4.16&#8243; background_size=&#8220;initial&#8220; background_position=&#8220;top_left&#8220; background_repeat=&#8220;repeat&#8220; global_colors_info=&#8220;{}&#8220;][et_pb_column type=&#8220;4_4&#8243; _builder_version=&#8220;4.16&#8243; custom_padding=&#8220;|||&#8220; global_colors_info=&#8220;{}&#8220; custom_padding__hover=&#8220;|||&#8220;][et_pb_text admin_label=&#8220;Text&#8220; _builder_version=&#8220;4.18.0&#8243; background_size=&#8220;initial&#8220; background_position=&#8220;top_left&#8220; background_repeat=&#8220;repeat&#8220; hover_enabled=&#8220;0&#8243; global_colors_info=&#8220;{}&#8220; sticky_enabled=&#8220;0&#8243;]<\/p>\n<h4><strong>Abele Treppen<\/strong><\/h4>\n<h4><strong>Auf dem Kugelwasen 28 <\/strong><\/h4>\n<h4><strong>74417 Gschwend<\/strong><\/h4>\n<p>Telefon: +49 (0)7972 \/ 255<br \/>Telefax: +49 (0)7972 \/ 910691<br \/>E-Mail:\u00a0 <a href=\"mailto:info@abele-treppen.de\">info@abele-treppen.de<\/a><br \/>Internet: <a href=\"http:\/\/www.abele-treppen.de\">www.Abele-Treppen.de<\/a><\/p>\n<p>Gesch\u00e4ftsf\u00fchrer:\u00a0 Wolfgang Abele<br \/>Registergericht: Amtsgericht Schw\u00e4bisch Gm\u00fcnd<\/p>\n<p>USt-IdNr. DE 19 344 16 92<\/p>\n<p>Concept and Design by TISEGA Media <a href=\"http:\/\/www.media-experte.de\" target=\"_blank\" rel=\"noopener\" title=\"Media-Experte.de\">Media-Experte.de<\/a><\/p>\n<p><strong>Haftungsausschluss f\u00fcr inhaltliche Unrichtigkeit:<\/strong><\/p>\n<p>Alle Informationen auf unserer Website werden sorgf\u00e4ltig erstellt, f\u00fcr die inhaltliche Richtigkeit kann aber keine Gew\u00e4hr geleistet werden. Insbesondere schlie\u00dft Wolfgang Abele jede Haftung, die sich aus einer allf\u00e4lligen inhaltlichen Unrichtigkeit der auf der Website enthaltenen Information ergeben kann, ausdr\u00fccklich aus.<\/p>\n<p><strong>Haftungsausschluss f\u00fcr externe Inhalte:<\/strong><\/p>\n<p>Trotz sorgf\u00e4ltiger inhaltlicher Kontrolle \u00fcbernehmen wir keine Haftung f\u00fcr die Inhalte externer Links. F\u00fcr den Inhalt der verlinkten Seiten sind ausschlie\u00dflich deren Betreiber verantwortlich.<\/p>\n<p><strong>Copyright Informationen:<\/strong><\/p>\n<p>\u00a9 2022 Abele Treppen. Alle Rechte vorbehalten.<br \/>Die Texte und Bilder, die auf dieser Internet Website ver\u00f6ffentlicht sind, unterliegen dem Copyright von Wolfgang Abele. Kein Bestandteil (Texte, Bilder) dieser Website darf ohne schriftliche Genehmigung von Wolfgang Abele reproduziert, vervielf\u00e4ltigt, oder verbreitet werden.\u00a0Alle Firmennamen und Logos, alle Namen von Produkten und Dienstleistungen sowie alle weiteren Warenzeichen sind Eigentum der entsprechenden Inhaber.<\/p>\n<p><!-- \/wp:paragraph --><\/p>\n<p>[\/et_pb_text][\/et_pb_column][\/et_pb_row][\/et_pb_section][et_pb_section fb_built=&#8220;1&#8243; _builder_version=&#8220;4.18.0&#8243; background_color=&#8220;#0C71C3&#8243; custom_margin=&#8220;0px||0px|&#8220; custom_padding=&#8220;10px||10px|&#8220; global_colors_info=&#8220;{}&#8220; locked=&#8220;off&#8220; theme_builder_area=&#8220;post_content&#8220;][et_pb_row _builder_version=&#8220;4.18.0&#8243; custom_margin=&#8220;0px||0px|&#8220; custom_padding=&#8220;0px|0px|0px|0px&#8220; global_colors_info=&#8220;{}&#8220; theme_builder_area=&#8220;post_content&#8220;][et_pb_column type=&#8220;4_4&#8243; _builder_version=&#8220;4.18.0&#8243; custom_padding=&#8220;0px|0px|0px|&#8220; global_colors_info=&#8220;{}&#8220; custom_padding__hover=&#8220;|||&#8220; theme_builder_area=&#8220;post_content&#8220;][et_pb_text admin_label=&#8220;COPY RIGHT TEXT&#8220; _builder_version=&#8220;4.18.0&#8243; text_font=&#8220;Open Sans||||||||&#8220; text_text_color=&#8220;#ffffff&#8220; text_letter_spacing=&#8220;1px&#8220; text_line_height=&#8220;24px&#8220; text_orientation=&#8220;center&#8220; custom_margin=&#8220;0px||0px|&#8220; custom_padding=&#8220;0px|0px|0px|0px&#8220; global_colors_info=&#8220;{}&#8220; theme_builder_area=&#8220;post_content&#8220;]<\/p>\n<p>\u00a9 Copyright 2022 by Abele-Treppen.de &#8211; <span style=\"color: #ffffff;\"><a href=\"https:\/\/treppenbauexperte.de\/?page_id=2\" title=\"Impressum\" style=\"color: #ffffff;\">Impressum<\/a><\/span> &#8211; <span style=\"color: #ffffff;\"><a href=\"https:\/\/treppenbauexperte.de\/?page_id=3\" title=\"Datenschutz\" style=\"color: #ffffff;\">Datenschutz<\/a><\/span><a style=\"color: #ffffff;\" p=\"\"><\/a><\/p>\n<p>[\/et_pb_text][\/et_pb_column][\/et_pb_row][\/et_pb_section]<\/p>\n","protected":false},"excerpt":{"rendered":"<p>Abele Treppen Auf dem Kugelwasen 28 74417 Gschwend Telefon: +49 (0)7972 \/ 255Telefax: +49 (0)7972 \/ 910691E-Mail:\u00a0 info@abele-treppen.deInternet: www.Abele-Treppen.de Gesch\u00e4ftsf\u00fchrer:\u00a0 Wolfgang AbeleRegistergericht: Amtsgericht Schw\u00e4bisch Gm\u00fcnd USt-IdNr. DE 19 344 16 92 Concept and Design by TISEGA Media Media-Experte.de Haftungsausschluss f\u00fcr inhaltliche Unrichtigkeit: Alle Informationen auf unserer Website werden sorgf\u00e4ltig erstellt, f\u00fcr die inhaltliche Richtigkeit kann [&hellip;]<\/p>\n","protected":false},"author":1,"featured_media":0,"parent":0,"menu_order":0,"comment_status":"closed","ping_status":"closed","template":"","meta":{"_et_pb_use_builder":"on","_et_pb_old_content":"<!-- wp:paragraph -->\n<p>This is an example page. It's different from a blog post because it will stay in one place and will show up in your site navigation (in most themes). Most people start with an About page that introduces them to potential site visitors. It might say something like this:<\/p>\n<!-- \/wp:paragraph -->\n\n<!-- wp:quote -->\n<blockquote class=\"wp-block-quote\"><p>Hi there! I'm a bike messenger by day, aspiring actor by night, and this is my website. I live in Los Angeles, have a great dog named Jack, and I like pi&#241;a coladas. (And gettin' caught in the rain.)<\/p><\/blockquote>\n<!-- \/wp:quote -->\n\n<!-- wp:paragraph -->\n<p>...or something like this:<\/p>\n<!-- \/wp:paragraph -->\n\n<!-- wp:quote -->\n<blockquote class=\"wp-block-quote\"><p>The XYZ Doohickey Company was founded in 1971, and has been providing quality doohickeys to the public ever since. Located in Gotham City, XYZ employs over 2,000 people and does all kinds of awesome things for the Gotham community.<\/p><\/blockquote>\n<!-- \/wp:quote -->\n\n<!-- wp:paragraph -->\n<p>As a new WordPress user, you should go to <a href=\"http:\/\/treppenbauexperte.de\/wp-admin\/\">your dashboard<\/a> to delete this page and create new pages for your content. Have fun!<\/p>\n<!-- \/wp:paragraph -->","_et_gb_content_width":"","footnotes":""},"class_list":["post-2","page","type-page","status-publish","hentry"],"_links":{"self":[{"href":"https:\/\/treppenbauexperte.de\/index.php?rest_route=\/wp\/v2\/pages\/2","targetHints":{"allow":["GET"]}}],"collection":[{"href":"https:\/\/treppenbauexperte.de\/index.php?rest_route=\/wp\/v2\/pages"}],"about":[{"href":"https:\/\/treppenbauexperte.de\/index.php?rest_route=\/wp\/v2\/types\/page"}],"author":[{"embeddable":true,"href":"https:\/\/treppenbauexperte.de\/index.php?rest_route=\/wp\/v2\/users\/1"}],"replies":[{"embeddable":true,"href":"https:\/\/treppenbauexperte.de\/index.php?rest_route=%2Fwp%2Fv2%2Fcomments&post=2"}],"version-history":[{"count":5,"href":"https:\/\/treppenbauexperte.de\/index.php?rest_route=\/wp\/v2\/pages\/2\/revisions"}],"predecessor-version":[{"id":230965,"href":"https:\/\/treppenbauexperte.de\/index.php?rest_route=\/wp\/v2\/pages\/2\/revisions\/230965"}],"wp:attachment":[{"href":"https:\/\/treppenbauexperte.de\/index.php?rest_route=%2Fwp%2Fv2%2Fmedia&parent=2"}],"curies":[{"name":"wp","href":"https:\/\/api.w.org\/{rel}","templated":true}]}}